{"id":10,"date":"2025-04-08T17:33:02","date_gmt":"2025-04-08T17:33:02","guid":{"rendered":"https:\/\/pspelementarz.pl\/?page_id=10"},"modified":"2025-04-26T14:15:45","modified_gmt":"2025-04-26T14:15:45","slug":"strona-glowna","status":"publish","type":"page","link":"https:\/\/pspelementarz.pl\/","title":{"rendered":"Strona g\u0142\u00f3wna"},"content":{"rendered":"\n<p><strong>Elementarz &#8211; to Artystyczna Szko\u0142a Podstawowa<\/strong> stworzona z my\u015bl\u0105 o najm\u0142odszych. Podczas zaj\u0119\u0107 staramy si\u0119 przede wszystkim pobudzi\u0107 u dzieci <strong>ciekawo\u015b\u0107 \u015bwiata<\/strong>, rozwin\u0105\u0107 ich <strong>talenty<\/strong>, a tak\u017ce przekaza\u0107 istotne <strong>warto\u015bci.<\/strong> Elementarz to szko\u0142a <strong>wspieraj\u0105ca r\u00f3wnie\u017c rozw\u00f3j 6-latka<\/strong>.&nbsp;<\/p>\n\n\n\n<p><\/p>\n\n\n\n<p>Wierzymy, \u017ce najlepszym rozwi\u0105zaniem jest <strong>zr\u00f3wnowa\u017cony rozw\u00f3j dziecka<\/strong>, kt\u00f3ry zapewnia <strong>wszechstronna edukacja<\/strong>, kt\u00f3r\u0105 w klasach 1-3 realizujemy poprzez:<\/p>\n\n\n\n<ul class=\"wp-block-list\">\n<li>dziewi\u0119tna\u015bcie godzin edukacji wczesnoszkolnej<\/li>\n\n\n\n<li>cztery godziny j\u0119zyka angielskiego,&nbsp;<\/li>\n\n\n\n<li>zaj\u0119cia na p\u0142ywalni,&nbsp;<\/li>\n\n\n\n<li>dwie godziny wychowania fizycznego<\/li>\n\n\n\n<li>trzy godziny projektu plastycznego,&nbsp;<\/li>\n\n\n\n<li>dwie godziny rytmiki,<\/li>\n\n\n\n<li>dodatkow\u0105 godzin\u0119 zaj\u0119\u0107 z wybranego instrumentu (nieobowi\u0105zkowe)<\/li>\n\n\n\n<li>godzin\u0119 zaj\u0119\u0107 o emocjach z pedagogiem lub psychologiem szkolnym,<\/li>\n\n\n\n<li>wycieczki tematyczne i artystyczne (NOSPR, Filharmonia \u015al\u0105ska),<\/li>\n\n\n\n<li>lekcje prowadzone w plenerze,<\/li>\n\n\n\n<li>dodatkowe zaj\u0119cia sportowe.<\/li>\n<\/ul>\n\n\n\n<p><\/p>\n\n\n\n<p>Od klasy czwartej rozpoczynamy nauk\u0119 drugiego j\u0119zyka (francuski lub niemiecki do wyboru).<\/p>\n\n\n\n<p>W klasie 8 rozpoczynamy dodatkowy kurs przygotowuj\u0105cy do test\u00f3w 8-klasisty z j\u0119zyka polskiego, matematyki oraz j\u0119zyka angielskiego.<\/p>\n\n\n\n<p>Dbamy o kameraln\u0105 atmosfer\u0119, co wp\u0142ywa na indywidualne podej\u015bcie do ka\u017cdego ucznia oraz na brak anonimowo\u015bci w szkole &#8211; znamy ka\u017cde dziecko, jego mocne strony i s\u0142abo\u015bci &#8211; Elementarz to dla dzieci drugi dom.<\/p>\n\n\n\n<p>Dodatkowo do godziny 18:00 mamy w szkole zorganizowane darmowe zaj\u0119cia \u015bwietlicowe, podczas kt\u00f3rych dzieci sp\u0119dzaj\u0105 czas na \u015bwie\u017cym powietrzu lub w dw\u00f3ch przygotowanych pomieszczeniach &#8211; sali zabaw i sali ciszy.<\/p>\n\n\n\n<p><\/p>\n\n\n\n<p>Zaj\u0119cia dodatkowe:<\/p>\n\n\n\n<ul class=\"wp-block-list\">\n<li>stretching<\/li>\n\n\n\n<li>gimnastyka korekcyjna<\/li>\n\n\n\n<li>sztuka &#8211; pracownia sztuk wszelakich<\/li>\n\n\n\n<li>trening ortograficzny<\/li>\n\n\n\n<li>gry zespo\u0142owe<\/li>\n\n\n\n<li>\u0142ucznictwo<\/li>\n\n\n\n<li>kreatywna matematyka &#8211; MATEMA<\/li>\n\n\n\n<li>Ko\u0142o M\u0142odego Badacza<\/li>\n\n\n\n<li>Klub Szalonego przyrodnika<\/li>\n\n\n\n<li>Ko\u0142o Ma\u0142ego Dziennikarza<\/li>\n<\/ul>\n\n\n\n<p><\/p>\n\n\n\n<p><strong>Uczniowie Elementarza mog\u0105 rozpocz\u0105\u0107 nauk\u0119 na:<\/strong><\/p>\n\n\n\n<ul class=\"wp-block-list\">\n<li><strong>fortepianie<\/strong><\/li>\n\n\n\n<li><strong>skrzypcach<\/strong><\/li>\n\n\n\n<li><strong>perkusji<\/strong><\/li>\n\n\n\n<li><strong>gitarze<\/strong><\/li>\n\n\n\n<li><strong>flet poprzeczny<\/strong><\/li>\n\n\n\n<li><strong>tr\u0105bce<\/strong><\/li>\n\n\n\n<li><strong>organach<\/strong><\/li>\n<\/ul>\n\n\n\n<p><\/p>\n\n\n\n<p><strong>Czesne wynosi 1200 z\u0142<\/strong> za miesi\u0105c nauki, jednorazowa op\u0142ata wpisowa &#8211; <strong>1750 z\u0142.<\/strong><\/p>\n\n\n\n<p><\/p>\n","protected":false},"excerpt":{"rendered":"<p>Elementarz &#8211; to Artystyczna Szko\u0142a Podstawowa stworzona z my\u015bl\u0105 o najm\u0142odszych. Podczas zaj\u0119\u0107 staramy si\u0119 przede wszystkim pobudzi\u0107 u dzieci [&hellip;]<\/p>\n","protected":false},"author":1,"featured_media":50,"parent":0,"menu_order":0,"comment_status":"closed","ping_status":"closed","template":"","meta":{"footnotes":""},"class_list":["post-10","page","type-page","status-publish","has-post-thumbnail","hentry"],"_links":{"self":[{"href":"https:\/\/pspelementarz.pl\/index.php\/wp-json\/wp\/v2\/pages\/10","targetHints":{"allow":["GET"]}}],"collection":[{"href":"https:\/\/pspelementarz.pl\/index.php\/wp-json\/wp\/v2\/pages"}],"about":[{"href":"https:\/\/pspelementarz.pl\/index.php\/wp-json\/wp\/v2\/types\/page"}],"author":[{"embeddable":true,"href":"https:\/\/pspelementarz.pl\/index.php\/wp-json\/wp\/v2\/users\/1"}],"replies":[{"embeddable":true,"href":"https:\/\/pspelementarz.pl\/index.php\/wp-json\/wp\/v2\/comments?post=10"}],"version-history":[{"count":7,"href":"https:\/\/pspelementarz.pl\/index.php\/wp-json\/wp\/v2\/pages\/10\/revisions"}],"predecessor-version":[{"id":131,"href":"https:\/\/pspelementarz.pl\/index.php\/wp-json\/wp\/v2\/pages\/10\/revisions\/131"}],"wp:featuredmedia":[{"embeddable":true,"href":"https:\/\/pspelementarz.pl\/index.php\/wp-json\/wp\/v2\/media\/50"}],"wp:attachment":[{"href":"https:\/\/pspelementarz.pl\/index.php\/wp-json\/wp\/v2\/media?parent=10"}],"curies":[{"name":"wp","href":"https:\/\/api.w.org\/{rel}","templated":true}]}}